{"id":10,"date":"2018-10-28T14:49:32","date_gmt":"2018-10-28T14:49:32","guid":{"rendered":"https:\/\/sanne-karreh.de\/?page_id=10"},"modified":"2024-02-13T07:43:27","modified_gmt":"2024-02-13T07:43:27","slug":"ueber-mich","status":"publish","type":"page","link":"https:\/\/sanne-karreh.de\/index.php\/ueber-mich\/","title":{"rendered":"\u00dcber Mich"},"content":{"rendered":"<p>Meine Haltung als Yoga Lehrerin dr\u00fccke ich gerne so aus:<\/p>\n<p><strong>\u201eErkenne und erweitere deine M\u00f6glichkeiten und achte deine Grenzen!\u201c<\/strong><\/p>\n<p>Denn es mir ein ganz wichtiges Anliegen, allen interessierten Menschen den Zugang zum Yoga zu erm\u00f6glichen und die Freude daran zu teilen!<\/p>\n<p><img loading=\"lazy\" decoding=\"async\" class=\" wp-image-277 alignleft\" src=\"https:\/\/sanne-karreh.de\/wp-content\/uploads\/2018\/10\/blumenwiese-300x125.jpg\" alt=\"\" width=\"298\" height=\"124\" srcset=\"https:\/\/sanne-karreh.de\/wp-content\/uploads\/2018\/10\/blumenwiese-300x125.jpg 300w, https:\/\/sanne-karreh.de\/wp-content\/uploads\/2018\/10\/blumenwiese-768x319.jpg 768w, https:\/\/sanne-karreh.de\/wp-content\/uploads\/2018\/10\/blumenwiese-1024x425.jpg 1024w, https:\/\/sanne-karreh.de\/wp-content\/uploads\/2018\/10\/blumenwiese.jpg 2000w\" sizes=\"auto, (max-width: 298px) 100vw, 298px\" \/><\/p>\n<p>Ich bezeichne mich selbst als \u201eBewegungsmensch\u201c und so bin ich vor ca 20 Jahren im Fitnesstudio zum Kundalini Yoga gekommen, zun\u00e4chst mal mehr mal weniger. In einer pers\u00f6nlich sehr bewegten Zeit bin ich dann so richtig im Yoga angekommen und Herz und Seele konnten Heimat finden. 2014\/15 habe ich die Ausbildung zur Kundalini Yoga Lehrerin bei Satya Singh in Hamburg absolviert.<\/p>\n<p><strong>Einssein mit sich und der Welt-das ist Kundalini Yoga!<\/strong><\/p>\n<p>Yoga ist zu einem kostbaren Teil meines Lebens geworden, in Bewegung, Meditation, Stille, Kontakt zu anderen, zu mir und immer wieder auch als Ratgeber in vielen Lebensangelegenheiten.<\/p>\n<p>Besonders herzlich bedanken m\u00f6chte ich mich bei meiner lebendig -dynamischen Lehrerin Radka, die mit gro\u00dfer Leidenschaft und Ernsthaftigkeit im Fitnessstudio unterrichtet und mir ganz viel zugetraut hat!<\/p>\n<p><strong>Qualifikationen<\/strong><\/p>\n<ul>\n<li>Kundalini Yogalehrerin, Stufe 1 (Satya Singh, 3ho)<\/li>\n<li>Yogacoaching (Ulrike Reiche)<\/li>\n<li>Yin Yoga (Grit Wade; Stefanie Ahrend)<\/li>\n<li>Yogadancing (Miriam Wessels)<\/li>\n<li>Traumasensibles Yoga (Nicole Witth\u00f6fft)<\/li>\n<li>Yoga auf dem Stuhl (Willem Wittstam)<\/li>\n<li>Shiatsu Praktikerin<\/li>\n<li>Heilpraktikerin f\u00fcr Psychotherapie<\/li>\n<li>NADA Ohrakupunktur<\/li>\n<li>Beraterin f\u00fcr Psychotraumatologie<\/li>\n<li>Sozialp\u00e4dagogin in der ambulanten Sozialpsychiatrie<\/li>\n<li>Krankenschwester<\/li>\n<\/ul>\n<p><strong>Yogisch findest Du mich:<\/strong><\/p>\n<ul>\n<li>In der VHS Othmarschen<br \/>\nIm Holmes Place Hamburg Bahrenfeld<\/li>\n<li>Soziales Yoga, &#8222;Yoga f\u00fcr alle e.V.&#8220;, f\u00fcr Menschen mit Psychiatrieerfahrung<\/li>\n<li>Bei Sportspass Hamburg Altona<\/li>\n<\/ul>\n<p>Unterrichtserfahrungen habe ich au\u00dferdem: DEVAH Yogazentrum, ATV, VAF Bahrenfeld, Damen Fitnesszentrum Lurup, Nanak Niwas, Ardas, VHS Halstenbek<br \/>\nIch bin verheiratet, habe einen Sohn, eine Enkelin und lebe in Hamburg Ottensen in einer kleinen selbst verwalteten Genossenschaft.<\/p>\n<p><strong>Weitere Herzensangelegenheiten:<\/strong><br \/>\nMeine Familie, meine Freund*innen,\u00a0 Buddeln in meinem Schrebergarten, im Gras liegen und in den Himmel schauen, Sonntagsfr\u00fchst\u00fcck mit lieben Menschen, Fahrradfahren wo und wann immer es m\u00f6glich ist, die Elbe und die Nordsee und ab und zu auch die Berge, und \u2026..<\/p>\n","protected":false},"excerpt":{"rendered":"<p>Meine Haltung als Yoga Lehrerin dr\u00fccke ich gerne so aus: \u201eErkenne und erweitere deine M\u00f6glichkeiten und achte deine Grenzen!\u201c Denn es mir ein ganz wichtiges Anliegen, allen interessierten Menschen den Zugang zum Yoga zu erm\u00f6glichen und die Freude daran zu teilen! Ich bezeichne mich selbst als \u201eBewegungsmensch\u201c und so bin ich vor ca 20 Jahren [&hellip;]<\/p>\n","protected":false},"author":1,"featured_media":277,"parent":0,"menu_order":0,"comment_status":"closed","ping_status":"closed","template":"","meta":{"footnotes":""},"class_list":["post-10","page","type-page","status-publish","has-post-thumbnail","hentry"],"_links":{"self":[{"href":"https:\/\/sanne-karreh.de\/index.php\/wp-json\/wp\/v2\/pages\/10","targetHints":{"allow":["GET"]}}],"collection":[{"href":"https:\/\/sanne-karreh.de\/index.php\/wp-json\/wp\/v2\/pages"}],"about":[{"href":"https:\/\/sanne-karreh.de\/index.php\/wp-json\/wp\/v2\/types\/page"}],"author":[{"embeddable":true,"href":"https:\/\/sanne-karreh.de\/index.php\/wp-json\/wp\/v2\/users\/1"}],"replies":[{"embeddable":true,"href":"https:\/\/sanne-karreh.de\/index.php\/wp-json\/wp\/v2\/comments?post=10"}],"version-history":[{"count":10,"href":"https:\/\/sanne-karreh.de\/index.php\/wp-json\/wp\/v2\/pages\/10\/revisions"}],"predecessor-version":[{"id":475,"href":"https:\/\/sanne-karreh.de\/index.php\/wp-json\/wp\/v2\/pages\/10\/revisions\/475"}],"wp:featuredmedia":[{"embeddable":true,"href":"https:\/\/sanne-karreh.de\/index.php\/wp-json\/wp\/v2\/media\/277"}],"wp:attachment":[{"href":"https:\/\/sanne-karreh.de\/index.php\/wp-json\/wp\/v2\/media?parent=10"}],"curies":[{"name":"wp","href":"https:\/\/api.w.org\/{rel}","templated":true}]}}